{"id":2,"date":"2016-11-02T16:35:30","date_gmt":"2016-11-02T15:35:30","guid":{"rendered":"http:\/\/conrado.fr\/?page_id=2"},"modified":"2025-08-29T17:44:52","modified_gmt":"2025-08-29T15:44:52","slug":"page-d-exemple","status":"publish","type":"page","link":"https:\/\/conrado.fr\/","title":{"rendered":"Accueil"},"content":{"rendered":"<p>Cet espace a \u00e9t\u00e9 cr\u00e9\u00e9 dans le but de mettre \u00e0 la disposition de mes \u00e9l\u00e8ves les ressources p\u00e9dagogiques que nous utilisons pendant les cours de bureautique.<\/p>\n<p>Vous y trouverez des exercices, des tutoriels et aussi des vid\u00e9os que j&rsquo;ajouterai en fonction de nos besoins et de vos demandes.<\/p>\n<p>Vous pouvez \u00e9galement me joindre par courriel afin que je puisse r\u00e9pondre \u00e0 vos questions.<\/p>\n<p style=\"text-align: center;\"><strong>conrado93150@yahoo.fr<\/strong><\/p>\n<p style=\"text-align: left;\">Bien cordialement<\/p>\n<p style=\"text-align: left;\">Conrado MORENO<\/p>\n","protected":false},"excerpt":{"rendered":"<p>Cet espace a \u00e9t\u00e9 cr\u00e9\u00e9 dans le but de mettre \u00e0 la disposition de mes \u00e9l\u00e8ves les ressources p\u00e9dagogiques que nous utilisons pendant les cours de bureautique. Vous y trouverez des exercices, des tutoriels et aussi des vid\u00e9os que j&rsquo;ajouterai en fonction de nos besoins et de vos demandes. Vous pouvez \u00e9galement me joindre par [&hellip;]<\/p>\n","protected":false},"author":1,"featured_media":0,"parent":0,"menu_order":0,"comment_status":"closed","ping_status":"closed","template":"","meta":{"footnotes":""},"_links":{"self":[{"href":"https:\/\/conrado.fr\/index.php\/wp-json\/wp\/v2\/pages\/2"}],"collection":[{"href":"https:\/\/conrado.fr\/index.php\/wp-json\/wp\/v2\/pages"}],"about":[{"href":"https:\/\/conrado.fr\/index.php\/wp-json\/wp\/v2\/types\/page"}],"author":[{"embeddable":true,"href":"https:\/\/conrado.fr\/index.php\/wp-json\/wp\/v2\/users\/1"}],"replies":[{"embeddable":true,"href":"https:\/\/conrado.fr\/index.php\/wp-json\/wp\/v2\/comments?post=2"}],"version-history":[{"count":11,"href":"https:\/\/conrado.fr\/index.php\/wp-json\/wp\/v2\/pages\/2\/revisions"}],"predecessor-version":[{"id":318,"href":"https:\/\/conrado.fr\/index.php\/wp-json\/wp\/v2\/pages\/2\/revisions\/318"}],"wp:attachment":[{"href":"https:\/\/conrado.fr\/index.php\/wp-json\/wp\/v2\/media?parent=2"}],"curies":[{"name":"wp","href":"https:\/\/api.w.org\/{rel}","templated":true}]}}